{"id":2584,"date":"2014-10-29T11:33:00","date_gmt":"2014-10-29T11:33:00","guid":{"rendered":"http:\/\/codex-themes.com\/scalia\/?page_id=2584"},"modified":"2019-02-21T16:45:09","modified_gmt":"2019-02-21T16:45:09","slug":"post-slider-index-3","status":"publish","type":"page","link":"https:\/\/tuavaluo.com\/avaluo\/post-slider-index-3\/","title":{"rendered":"Avaluo de Fincas -slide3"},"content":{"rendered":"<p>[vc_row][vc_column]<div class=\"fullwidth-block clearfix styled-marker-top\" style=\"background-color: #ff7070;background-image: url(https:\/\/tuavaluo.com\/avaluo\/wp-content\/uploads\/2019\/02\/avaluo-de-fincas.jpg);background-repeat: no-repeat; background-size: cover;background-position: center top;\"><div class=\"container\"><div class=\"clearboth\"><\/div><div class=\"sc-divider\" style=\"margin-bottom: 100px;\"><\/div><div class=\"centered-box\"><div class=\"sc-icon sc-icon-size-big  sc-icon-shape-square sc-simple-icon\" style=\"\"><span class=\"sc-icon-half-1\" style=\"color: #ffffff;\"><span class=\"back-angle\">&#xe7ad;<\/span><\/span><span class=\"sc-icon-half-2\" style=\"color: #ffffff;\"><span class=\"back-angle\">&#xe7ad;<\/span><\/span><\/div><\/div>[vc_column_text]<\/p>\n<h1 style=\"text-align: center;\"><span style=\"color: #ffffff;\">AVAL\u00daO DE FINCAS<\/span><\/h1>\n<div class=\"styled-subtitle\" style=\"text-align: center;\"><span style=\"color: #ffffff; font-size: 32px;\">Realizamos aval\u00faos de Fincas y unidades de producci\u00f3n agr\u00edcola\u2026<\/span><\/div>\n<p>[\/vc_column_text]<div class=\"centered-box\"><a class=\"sc-button \"  href=\"https:\/\/tuavaluo.com\/avaluo\/inicio\/contacto\/\" target=\"_self\" style=\"background-color: #b5cb5c;\">Solicitar Aval\u00fao<\/a><\/div><div class=\"clearboth\"><\/div><div class=\"sc-divider\" style=\"margin-bottom: 185px;\"><\/div><\/div><\/div>[\/vc_column][\/vc_row]<\/p>\n","protected":false},"excerpt":{"rendered":"<p>[vc_row][vc_column][\/vc_column][\/vc_row]<\/p>\n","protected":false},"author":3,"featured_media":0,"parent":0,"menu_order":0,"comment_status":"closed","ping_status":"closed","template":"","meta":[],"_links":{"self":[{"href":"https:\/\/tuavaluo.com\/avaluo\/wp-json\/wp\/v2\/pages\/2584"}],"collection":[{"href":"https:\/\/tuavaluo.com\/avaluo\/wp-json\/wp\/v2\/pages"}],"about":[{"href":"https:\/\/tuavaluo.com\/avaluo\/wp-json\/wp\/v2\/types\/page"}],"author":[{"embeddable":true,"href":"https:\/\/tuavaluo.com\/avaluo\/wp-json\/wp\/v2\/users\/3"}],"replies":[{"embeddable":true,"href":"https:\/\/tuavaluo.com\/avaluo\/wp-json\/wp\/v2\/comments?post=2584"}],"version-history":[{"count":5,"href":"https:\/\/tuavaluo.com\/avaluo\/wp-json\/wp\/v2\/pages\/2584\/revisions"}],"predecessor-version":[{"id":11308,"href":"https:\/\/tuavaluo.com\/avaluo\/wp-json\/wp\/v2\/pages\/2584\/revisions\/11308"}],"wp:attachment":[{"href":"https:\/\/tuavaluo.com\/avaluo\/wp-json\/wp\/v2\/media?parent=2584"}],"curies":[{"name":"wp","href":"https:\/\/api.w.org\/{rel}","templated":true}]}}