{"id":35340,"date":"2021-04-28T20:06:40","date_gmt":"2021-04-28T20:06:40","guid":{"rendered":"https:\/\/tuavaluo.com\/avaluo\/?page_id=35340"},"modified":"2021-04-29T04:29:39","modified_gmt":"2021-04-29T04:29:39","slug":"inmuebles","status":"publish","type":"page","link":"https:\/\/tuavaluo.com\/avaluo\/inmuebles\/","title":{"rendered":"Inmuebles"},"content":{"rendered":"<p>[vc_row][vc_column]<div class=\"clearboth\"><\/div><div class=\"sc-divider\" style=\"margin-top: 20px;margin-bottom: 30px;border-color: #e5e5e5;\"><\/div><div class=\"ich-settings-main-wrap\">\t\t\r\n\t<div class=\"row \"><div id=\"property-40688\" class=\"col-sm-4 m-item post-40688 rem_property type-rem_property status-publish hentry\"><div class=\"property-style-7\">\r\n    <a target=\"\" href=\"https:\/\/tuavaluo.com\/avaluo\/inmueble\/apartamento-urb-manongo-res-2014-2\/\" class=\"img-container\" style=\"background-image:url()\">\r\n        <span class=\"title\">Apartamento Urb. Ma\u00f1ongo Res. 2014<\/span>\r\n    <\/a>\r\n    <div class=\"price\">\r\n          <\/div>\r\n               <div class=\"detail inline-property-icons\">\r\n                                                                                                                                                                <\/div>\r\n        <\/div><\/div><div id=\"property-55806\" class=\"col-sm-4 m-item post-55806 rem_property type-rem_property status-publish has-post-thumbnail hentry\"><div class=\"property-style-7\">\r\n    <a target=\"\" href=\"https:\/\/tuavaluo.com\/avaluo\/inmueble\/avalcelis-vende-empresa-en-marcha-distribuidora-de-consumo-masivo-frio-y-seco\/\" class=\"img-container\" style=\"background-image:url(https:\/\/tuavaluo.com\/avaluo\/wp-content\/uploads\/2022\/09\/20220825_161826-672x372.jpg)\">\r\n        <span class=\"title\">AvalCelis Vende \u00abEmpresa en Marcha\u00bb Distribuidora de Consumo Masivo (Frio y Seco)<\/span>\r\n    <\/a>\r\n    <div class=\"price\">\r\n             1.800.000,00          <\/div>\r\n               <div class=\"detail inline-property-icons\">\r\n                                                                                                                                                                                                                        <span title=\"Zona\">\r\n                                    <i class=\"fa fa-arrows-alt\"><\/i> &nbsp;\r\n                                    4.333,00  mt2                                <\/span>\r\n                                                                                    <\/div>\r\n        <\/div><\/div><div id=\"property-55787\" class=\"col-sm-4 m-item post-55787 rem_property type-rem_property status-publish has-post-thumbnail hentry\"><div class=\"property-style-7\">\r\n    <a target=\"\" href=\"https:\/\/tuavaluo.com\/avaluo\/inmueble\/grupo-convalor-vende-casa-quinta-urb-guaparo\/\" class=\"img-container\" style=\"background-image:url(https:\/\/tuavaluo.com\/avaluo\/wp-content\/uploads\/2022\/08\/1.jpg)\">\r\n        <span class=\"title\">Avalcelis Vende &#8211; Casa Quinta &#8211; Urb. Guaparo<\/span>\r\n    <\/a>\r\n    <div class=\"price\">\r\n             220.000,00          <\/div>\r\n               <div class=\"detail inline-property-icons\">\r\n                                                                                                                                <span title=\"Camas\">\r\n                                    <i class=\"fa fa-bed\"><\/i> &nbsp;\r\n                                    4                                <\/span>\r\n                                                                                                                                                                                        <span title=\"Balneario\">\r\n                                    <i class=\"fa fa-bath\"><\/i> &nbsp;\r\n                                    4                                <\/span>\r\n                                                                                                                                                                                        <span title=\"Zona\">\r\n                                    <i class=\"fa fa-arrows-alt\"><\/i> &nbsp;\r\n                                    1.000,00 mt2                                <\/span>\r\n                                                                                    <\/div>\r\n        <\/div><\/div><div id=\"property-52915\" class=\"col-sm-4 m-item post-52915 rem_property type-rem_property status-publish has-post-thumbnail hentry\"><div class=\"property-style-7\">\r\n    <a target=\"\" href=\"https:\/\/tuavaluo.com\/avaluo\/inmueble\/en-venta-empresa-en-marcha-ramo-metalmecanico-valencia-carabobo\/\" class=\"img-container\" style=\"background-image:url(https:\/\/tuavaluo.com\/avaluo\/wp-content\/uploads\/2022\/03\/20220324_105623.jpg)\">\r\n        <span class=\"title\">En Venta Empresa en Marcha &#8211; Ramo Metalmec\u00e1nica &#8211; Valencia Carabobo.<\/span>\r\n    <\/a>\r\n    <div class=\"price\">\r\n             CONSULTAR PRECIO          <\/div>\r\n               <div class=\"detail inline-property-icons\">\r\n                                                                                                                                                                                                                        <span title=\"Zona\">\r\n                                    <i class=\"fa fa-arrows-alt\"><\/i> &nbsp;\r\n                                    12.000,00 mt2                                <\/span>\r\n                                                                                    <\/div>\r\n        <\/div><\/div><div id=\"property-52171\" class=\"col-sm-4 m-item post-52171 rem_property type-rem_property status-publish has-post-thumbnail hentry rem_property_tag-apartamento rem_property_tag-carabobo rem_property_tag-venta\"><div class=\"property-style-7\">\r\n    <a target=\"\" href=\"https:\/\/tuavaluo.com\/avaluo\/inmueble\/grupo-convalor-vende-pent-house-urb-el-bosque\/\" class=\"img-container\" style=\"background-image:url(https:\/\/tuavaluo.com\/avaluo\/wp-content\/uploads\/2022\/03\/IMG-20220312-WA0080-672x372.jpg)\">\r\n        <span class=\"title\">Avalcelis Vende &#8211; Pent House &#8211; Urb. El Bosque<\/span>\r\n    <\/a>\r\n    <div class=\"price\">\r\n             180.000,00          <\/div>\r\n               <div class=\"detail inline-property-icons\">\r\n                                                                                                                                <span title=\"Camas\">\r\n                                    <i class=\"fa fa-bed\"><\/i> &nbsp;\r\n                                    6                                <\/span>\r\n                                                                                                                                                                                        <span title=\"Balneario\">\r\n                                    <i class=\"fa fa-bath\"><\/i> &nbsp;\r\n                                    5                                <\/span>\r\n                                                                                                                                                                                        <span title=\"Zona\">\r\n                                    <i class=\"fa fa-arrows-alt\"><\/i> &nbsp;\r\n                                    363,00 m2 mt2                                <\/span>\r\n                                                                                    <\/div>\r\n        <\/div><\/div><div id=\"property-41638\" class=\"col-sm-4 m-item post-41638 rem_property type-rem_property status-publish has-post-thumbnail hentry\"><div class=\"property-style-7\">\r\n    <a target=\"\" href=\"https:\/\/tuavaluo.com\/avaluo\/inmueble\/apartamento-en-venta-res-2014-manongo\/\" class=\"img-container\" style=\"background-image:url(https:\/\/tuavaluo.com\/avaluo\/wp-content\/uploads\/2021\/08\/20200207_105953-1.jpg)\">\r\n        <span class=\"title\">Apartamento en Venta, Res. 2014, Ma\u00f1ongo.<\/span>\r\n    <\/a>\r\n    <div class=\"price\">\r\n             50.000,00          <\/div>\r\n               <div class=\"detail inline-property-icons\">\r\n                                                                                                                                <span title=\"Camas\">\r\n                                    <i class=\"fa fa-bed\"><\/i> &nbsp;\r\n                                    4                                <\/span>\r\n                                                                                                                                                                                        <span title=\"Balneario\">\r\n                                    <i class=\"fa fa-bath\"><\/i> &nbsp;\r\n                                    2 1\/2 + 1 Servicio                                <\/span>\r\n                                                                                                                                                                                        <span title=\"Zona\">\r\n                                    <i class=\"fa fa-arrows-alt\"><\/i> &nbsp;\r\n                                    200,00 mt2                                <\/span>\r\n                                                                                    <\/div>\r\n        <\/div><\/div><div id=\"property-40761\" class=\"col-sm-4 m-item post-40761 rem_property type-rem_property status-publish has-post-thumbnail hentry rem_property_tag-carabobo rem_property_tag-galpon rem_property_tag-valencia rem_property_tag-venta\"><div class=\"property-style-7\">\r\n    <a target=\"\" href=\"https:\/\/tuavaluo.com\/avaluo\/inmueble\/galpon-en-venta-urb-la-quizanda\/\" class=\"img-container\" style=\"background-image:url(https:\/\/tuavaluo.com\/avaluo\/wp-content\/uploads\/2021\/07\/IMG_3660-640x372.jpg)\">\r\n        <span class=\"title\">Galp\u00f3n en Venta &#8211; Urb. La Quizanda<\/span>\r\n    <\/a>\r\n    <div class=\"price\">\r\n             350.000,00          <\/div>\r\n               <div class=\"detail inline-property-icons\">\r\n                                                                                                                                                                                                                        <span title=\"Zona\">\r\n                                    <i class=\"fa fa-arrows-alt\"><\/i> &nbsp;\r\n                                    1503,00 mt2                                <\/span>\r\n                                                                                    <\/div>\r\n        <\/div><\/div><div id=\"property-40700\" class=\"col-sm-4 m-item post-40700 rem_property type-rem_property status-publish has-post-thumbnail hentry rem_property_tag-apartamento rem_property_tag-carabobo rem_property_tag-valencia rem_property_tag-venta\"><div class=\"property-style-7\">\r\n    <a target=\"\" href=\"https:\/\/tuavaluo.com\/avaluo\/inmueble\/apartamento-urb-manongo-res-2014\/\" class=\"img-container\" style=\"background-image:url(https:\/\/tuavaluo.com\/avaluo\/wp-content\/uploads\/2021\/07\/20200207_110607.jpg)\">\r\n        <span class=\"title\">Apartamento Urb. Ma\u00f1ongo, Res. 2014<\/span>\r\n    <\/a>\r\n    <div class=\"price\">\r\n             62.000,00          <\/div>\r\n               <div class=\"detail inline-property-icons\">\r\n                                                                                                                                <span title=\"Camas\">\r\n                                    <i class=\"fa fa-bed\"><\/i> &nbsp;\r\n                                    3 + 1 Servicio                                <\/span>\r\n                                                                                                                                                                                        <span title=\"Balneario\">\r\n                                    <i class=\"fa fa-bath\"><\/i> &nbsp;\r\n                                    2 1\/2 + 1 Servicio                                <\/span>\r\n                                                                                                                                                                                        <span title=\"Zona\">\r\n                                    <i class=\"fa fa-arrows-alt\"><\/i> &nbsp;\r\n                                    200,00 mt2                                <\/span>\r\n                                                                                    <\/div>\r\n        <\/div><\/div><div id=\"property-12975\" class=\"col-sm-4 m-item post-12975 rem_property type-rem_property status-publish has-post-thumbnail hentry rem_property_tag-caracas rem_property_tag-casa rem_property_tag-terreno\"><div class=\"property-style-7\">\r\n    <a target=\"\" href=\"https:\/\/tuavaluo.com\/avaluo\/inmueble\/casa-en-urb-avila-la-florida\/\" class=\"img-container\" style=\"background-image:url(https:\/\/tuavaluo.com\/avaluo\/wp-content\/uploads\/2019\/06\/casa-en-venta-Urb.-Avila-La-Florida-640x372.jpg)\">\r\n        <span class=\"title\">Casa en Urb. Avila, Alta Florida &#8211; Caracas<\/span>\r\n    <\/a>\r\n    <div class=\"price\">\r\n             500.000,00          <\/div>\r\n               <div class=\"detail inline-property-icons\">\r\n                                                                                                                                                                                                                        <span title=\"Zona\">\r\n                                    <i class=\"fa fa-arrows-alt\"><\/i> &nbsp;\r\n                                    1.248,00 mt2                                <\/span>\r\n                                                                                    <\/div>\r\n        <\/div><\/div><div id=\"property-11592\" class=\"col-sm-4 m-item post-11592 rem_property type-rem_property status-publish has-post-thumbnail hentry rem_property_tag-carabobo rem_property_tag-terreno rem_property_tag-valencia\"><div class=\"property-style-7\">\r\n    <a target=\"\" href=\"https:\/\/tuavaluo.com\/avaluo\/inmueble\/lote-de-terreno-av-andres-eloy-blanco-agua-blanca\/\" class=\"img-container\" style=\"background-image:url(https:\/\/tuavaluo.com\/avaluo\/wp-content\/uploads\/2019\/03\/ScreenHunter_37-May.-28-21.28-620x310.jpg)\">\r\n        <span class=\"title\">LOTE DE TERRENO, Av. Andr\u00e9s Eloy Blanco; Agua Blanca<\/span>\r\n    <\/a>\r\n    <div class=\"price\">\r\n             Consultar Precio          <\/div>\r\n               <div class=\"detail inline-property-icons\">\r\n                                                                                                                                                                                                                        <span title=\"Zona\">\r\n                                    <i class=\"fa fa-arrows-alt\"><\/i> &nbsp;\r\n                                    4.600,00 mt2                                <\/span>\r\n                                                                                    <\/div>\r\n        <\/div><\/div><div id=\"property-11587\" class=\"col-sm-4 m-item post-11587 rem_property type-rem_property status-publish has-post-thumbnail hentry rem_property_tag-san-diego rem_property_tag-terreno\"><div class=\"property-style-7\">\r\n    <a target=\"\" href=\"https:\/\/tuavaluo.com\/avaluo\/inmueble\/lote-de-terreno-10-00000-m2-en-san-diego\/\" class=\"img-container\" style=\"background-image:url(https:\/\/tuavaluo.com\/avaluo\/wp-content\/uploads\/2019\/03\/20220406_093311.jpg)\">\r\n        <span class=\"title\">LOTE DE TERRENO \u2013 10.000,00 m2 en San Diego<\/span>\r\n    <\/a>\r\n    <div class=\"price\">\r\n             1.250.000,00          <\/div>\r\n               <div class=\"detail inline-property-icons\">\r\n                                                                                                                                                                                                                        <span title=\"Zona\">\r\n                                    <i class=\"fa fa-arrows-alt\"><\/i> &nbsp;\r\n                                    10.000,00 mt2                                <\/span>\r\n                                                                                    <\/div>\r\n        <\/div><\/div><\/div><div class=\"text-center\"><\/div><\/div>[\/vc_column][\/vc_row][vc_row][vc_column][vc_column_text]<\/p>\n<h4 style=\"text-align: center;\"><em>Los Precios no son fijos y est\u00e1n sujetos a cambios seg\u00fan los requerimientos del cliente y la fecha de la negociaci\u00f3n con el comprador.<\/em><\/h4>\n<p>[\/vc_column_text]<div class=\"clearboth\"><\/div><div class=\"sc-divider\" style=\"margin-top: 20px;margin-bottom: 30px;border-color: #e5e5e5;\"><\/div>[\/vc_column][\/vc_row][vc_row][vc_column][vc_column_text]<\/p>\n<h3 style=\"text-align: center;\">\u00bfCUANTO VALE TU INMUEBLE?<\/h3>\n<p style=\"text-align: center;\">En TuAvaluo.com puedes obtener una estimaci\u00f3n del valor de tu propiedad de forma autom\u00e1tica a trav\u00e9s de nuestro <strong>Tasador Inmobiliario Online<\/strong>. Obt\u00e9n el resultado de la estimaci\u00f3n de forma instant\u00e1nea en tu correo electr\u00f3nico. S\u00f3lo tienes que seleccionar el tipo de inmueble y sus caracter\u00edsticas de forma f\u00e1cil y r\u00e1pida. Un servicio exclusivo de <strong>TuAlavuo.com<\/strong><\/p>\n<p>[\/vc_column_text]<div class=\"centered-box\"><a class=\"sc-button \"  href=\"https:\/\/tuavaluo.com\/aval\u00fao\/tasador-inmobiliario-online\/\" target=\"_self\" style=\"background-color: #ff7070;\">TASADOR INMOBILIARIO ONLINE<\/a><\/div>[\/vc_column][\/vc_row]<\/p>\n","protected":false},"excerpt":{"rendered":"<p>[vc_row][vc_column][\/vc_column][\/vc_row][vc_row][vc_column][vc_column_text] Los Precios no son fijos y est\u00e1n sujetos a cambios seg\u00fan los requerimientos del cliente y la fecha de&#8230;<\/p>\n","protected":false},"author":2,"featured_media":0,"parent":0,"menu_order":0,"comment_status":"closed","ping_status":"closed","template":"","meta":[],"_links":{"self":[{"href":"https:\/\/tuavaluo.com\/avaluo\/wp-json\/wp\/v2\/pages\/35340"}],"collection":[{"href":"https:\/\/tuavaluo.com\/avaluo\/wp-json\/wp\/v2\/pages"}],"about":[{"href":"https:\/\/tuavaluo.com\/avaluo\/wp-json\/wp\/v2\/types\/page"}],"author":[{"embeddable":true,"href":"https:\/\/tuavaluo.com\/avaluo\/wp-json\/wp\/v2\/users\/2"}],"replies":[{"embeddable":true,"href":"https:\/\/tuavaluo.com\/avaluo\/wp-json\/wp\/v2\/comments?post=35340"}],"version-history":[{"count":3,"href":"https:\/\/tuavaluo.com\/avaluo\/wp-json\/wp\/v2\/pages\/35340\/revisions"}],"predecessor-version":[{"id":35351,"href":"https:\/\/tuavaluo.com\/avaluo\/wp-json\/wp\/v2\/pages\/35340\/revisions\/35351"}],"wp:attachment":[{"href":"https:\/\/tuavaluo.com\/avaluo\/wp-json\/wp\/v2\/media?parent=35340"}],"curies":[{"name":"wp","href":"https:\/\/api.w.org\/{rel}","templated":true}]}}